{"id":19,"date":"2023-12-28T15:08:56","date_gmt":"2023-12-28T14:08:56","guid":{"rendered":"https:\/\/sterbeverein-dirmingen.de\/wp-content\/?page_id=19"},"modified":"2023-12-31T12:50:26","modified_gmt":"2023-12-31T11:50:26","slug":"satzung","status":"publish","type":"page","link":"https:\/\/sterbeverein-dirmingen.de\/?page_id=19","title":{"rendered":"Satzung und Geb\u00fchrenordnung"},"content":{"rendered":"\n<p class=\"has-text-align-center\"><\/p>\n\n\n\n<div class=\"wp-block-group alignfull\"><div class=\"wp-block-group__inner-container is-layout-constrained wp-block-group-is-layout-constrained\">\n<div class=\"wp-block-cover alignfull\" style=\"margin-top:0;min-height:40vw;aspect-ratio:unset;\"><span aria-hidden=\"true\" class=\"wp-block-cover__background has-black-background-color has-background-dim-0 has-background-dim\"><\/span><img fetchpriority=\"high\" decoding=\"async\" width=\"1800\" height=\"832\" class=\"wp-block-cover__image-background wp-image-132\" alt=\"\" src=\"https:\/\/sterbeverein-dirmingen.de\/wp-content\/wp-content\/uploads\/2023\/12\/Friedhof-2.jpg\" data-object-fit=\"cover\" srcset=\"https:\/\/sterbeverein-dirmingen.de\/wp-content\/uploads\/2023\/12\/Friedhof-2.jpg 1800w, https:\/\/sterbeverein-dirmingen.de\/wp-content\/uploads\/2023\/12\/Friedhof-2-300x139.jpg 300w, https:\/\/sterbeverein-dirmingen.de\/wp-content\/uploads\/2023\/12\/Friedhof-2-1024x473.jpg 1024w, https:\/\/sterbeverein-dirmingen.de\/wp-content\/uploads\/2023\/12\/Friedhof-2-768x355.jpg 768w, https:\/\/sterbeverein-dirmingen.de\/wp-content\/uploads\/2023\/12\/Friedhof-2-1536x710.jpg 1536w\" sizes=\"(max-width: 1800px) 100vw, 1800px\" \/><div class=\"wp-block-cover__inner-container is-layout-flow wp-block-cover-is-layout-flow\">\n<div style=\"height:50px\" aria-hidden=\"true\" class=\"wp-block-spacer\"><\/div>\n<\/div><\/div>\n<\/div><\/div>\n\n\n\n<p class=\"has-text-align-left has-large-font-size\">T a r i f b e i l a g e<\/p>\n\n\n\n<p class=\"has-text-align-left has-medium-font-size\"><strong>zur Satzung des Sterbe- und Unterst\u00fctzungsvereins Dirmingen<\/strong><\/p>\n\n\n\n<p class=\"has-text-align-left has-medium-font-size\"><strong>in der Fassung vom 13.05.2013<\/strong><\/p>\n\n\n\n<p class=\"has-text-align-left has-medium-font-size\"><strong>Beitrag und Eintrittsgeld&nbsp;(\u00a7 4 der o.g. Satzung)<\/strong><\/p>\n\n\n\n<p class=\"has-text-align-left has-medium-font-size\">1.1&nbsp;&nbsp;&nbsp;&nbsp;&nbsp;&nbsp;Der Beitrag betr\u00e4gt monatlich:&nbsp;&nbsp;&nbsp;&nbsp;&nbsp;&nbsp;&nbsp;&nbsp;&nbsp;&nbsp;&nbsp;&nbsp;&nbsp;&nbsp;&nbsp;&nbsp;&nbsp;&nbsp;&nbsp;&nbsp;&nbsp;&nbsp;&nbsp;&nbsp;&nbsp;&nbsp;&nbsp;&nbsp;&nbsp;&nbsp;&nbsp;&nbsp;&nbsp;&nbsp;&nbsp;&nbsp;&nbsp;&nbsp;&nbsp;&nbsp;&nbsp;&nbsp;&nbsp;&nbsp;&nbsp;&nbsp;&nbsp;&nbsp;&nbsp;ab 01.01.22<\/p>\n\n\n\n<p class=\"has-text-align-left has-medium-font-size\">a) vom vollendeten 2. bis zum vollendeten 16. Lebensjahr&nbsp;&nbsp;&nbsp;&nbsp;&nbsp;&nbsp;&nbsp;&nbsp;&nbsp;&nbsp;&nbsp;&nbsp;&nbsp;&nbsp; 1,50 \u20ac<\/p>\n\n\n\n<p class=\"has-text-align-left has-medium-font-size\">b) ab dem 17. Lebensjahr&nbsp;&nbsp;&nbsp;&nbsp;&nbsp;&nbsp;&nbsp;&nbsp;&nbsp;&nbsp;&nbsp;&nbsp;&nbsp;&nbsp;&nbsp;&nbsp;&nbsp;&nbsp;&nbsp;&nbsp;&nbsp;&nbsp;&nbsp;&nbsp;&nbsp;&nbsp;&nbsp;&nbsp;&nbsp;&nbsp;&nbsp;&nbsp;&nbsp;&nbsp;&nbsp;&nbsp;&nbsp;&nbsp;&nbsp;&nbsp;&nbsp;&nbsp;&nbsp;&nbsp;&nbsp;&nbsp;&nbsp;&nbsp;&nbsp;&nbsp;&nbsp;&nbsp;&nbsp;&nbsp;&nbsp;&nbsp;&nbsp;&nbsp;&nbsp;&nbsp;&nbsp;&nbsp;&nbsp;&nbsp;&nbsp;&nbsp;&nbsp;&nbsp;&nbsp;&nbsp;&nbsp; 3,00 \u20ac<\/p>\n\n\n\n<p class=\"has-text-align-left has-medium-font-size\">1.2. &nbsp;&nbsp;&nbsp;&nbsp;Der Beitrag bei Doppelmitgliedschaft betr\u00e4gt monatlich:<\/p>\n\n\n\n<p class=\"has-text-align-left has-medium-font-size\">a) vom vollendeten 2. bis zum vollendeten 16. Lebensjahr&nbsp;&nbsp;&nbsp;&nbsp;&nbsp;&nbsp;&nbsp;&nbsp;&nbsp;&nbsp;&nbsp;&nbsp;&nbsp;&nbsp; 3,00 \u20ac<\/p>\n\n\n\n<p class=\"has-text-align-left has-medium-font-size\">b) ab dem vollendeten 17. Lebensjahr&nbsp;&nbsp;&nbsp;&nbsp;&nbsp;&nbsp;&nbsp;&nbsp;&nbsp;&nbsp;&nbsp;&nbsp;&nbsp;&nbsp;&nbsp;&nbsp;&nbsp;&nbsp;&nbsp;&nbsp;&nbsp;&nbsp;&nbsp;&nbsp;&nbsp;&nbsp;&nbsp;&nbsp;&nbsp;&nbsp;&nbsp;&nbsp;&nbsp;&nbsp;&nbsp;&nbsp;&nbsp;&nbsp;&nbsp;&nbsp;&nbsp;&nbsp;&nbsp;&nbsp;&nbsp;&nbsp;&nbsp;&nbsp;&nbsp; 6,00 \u20ac<\/p>\n\n\n\n<p class=\"has-text-align-left has-medium-font-size\">Das Eintrittsgeld betr\u00e4gt ab 01.01.2022:<\/p>\n\n\n\n<p class=\"has-text-align-left has-medium-font-size\">bis zum vollendeten 26. Lebensjahr&nbsp;&nbsp;&nbsp;&nbsp;&nbsp;&nbsp;&nbsp;&nbsp;&nbsp;&nbsp;&nbsp;&nbsp;&nbsp;&nbsp;&nbsp;&nbsp;&nbsp;&nbsp;&nbsp;&nbsp;&nbsp;&nbsp;&nbsp;&nbsp;&nbsp;&nbsp;&nbsp;&nbsp;&nbsp;&nbsp;&nbsp;&nbsp;&nbsp;&nbsp;&nbsp;&nbsp;&nbsp;&nbsp;&nbsp;&nbsp;&nbsp;&nbsp;&nbsp;&nbsp;&nbsp;&nbsp;&nbsp;&nbsp; 0,00 \u20ac<\/p>\n\n\n\n<p class=\"has-text-align-left has-medium-font-size\">vom vollendeten 27. Lebensjahr an bis zum vollendeten<\/p>\n\n\n\n<p class=\"has-text-align-left has-medium-font-size\">45. Lebensjahr&nbsp; 5\/6 des Jahresbeitrages pro Lebensjahr &nbsp;&nbsp;&nbsp;&nbsp;&nbsp;&nbsp;&nbsp;&nbsp; 30,00\u20ac<\/p>\n\n\n\n<p class=\"has-text-align-left has-medium-font-size\">c)&nbsp; bei Doppelmitgliedschaft doppeltes Eintrittsgeld.<\/p>\n\n\n\n<p class=\"has-text-align-left has-medium-font-size\">1.4&nbsp;&nbsp;&nbsp;&nbsp;&nbsp; Der&nbsp;Eintritt zur Einfachmitgliedschaft&nbsp;ist bis zum vollendeten 45. Lebens-jahr, zur&nbsp;Doppelmitgliedschaft&nbsp;nur bis zum vollendeten 40. Lebensjahr m\u00f6glich.<\/p>\n\n\n\n<p class=\"has-text-align-left has-medium-font-size\">Sterbegeld&nbsp;(\u00a7 5 der o.g. Satzung)<\/p>\n\n\n\n<p class=\"has-text-align-left has-medium-font-size\">2.1&nbsp;&nbsp;&nbsp;&nbsp;&nbsp;&nbsp;Das Sterbegeld betr\u00e4gt ab dem 01.07.2007 f\u00fcr alle Mitglieder:<\/p>\n\n\n\n<p class=\"has-text-align-left has-medium-font-size\">a)&nbsp;&nbsp;&nbsp; bei einfacher Mitgliedschaft&nbsp;&nbsp;&nbsp;&nbsp;&nbsp;&nbsp;&nbsp;&nbsp;&nbsp;&nbsp;&nbsp;&nbsp;&nbsp;&nbsp;&nbsp;&nbsp;&nbsp;&nbsp;&nbsp;&nbsp;&nbsp;&nbsp;&nbsp;&nbsp;&nbsp;&nbsp;&nbsp;&nbsp;&nbsp;&nbsp;&nbsp;&nbsp;&nbsp;&nbsp;&nbsp;&nbsp;&nbsp;&nbsp;&nbsp;&nbsp;&nbsp;&nbsp;&nbsp;&nbsp;&nbsp;&nbsp;&nbsp;&nbsp;&nbsp;&nbsp;&nbsp;&nbsp;&nbsp;&nbsp; 1.475,00 \u20ac<\/p>\n\n\n\n<p class=\"has-text-align-left has-medium-font-size\">b)&nbsp;&nbsp;&nbsp; bei doppelter Mitgliedschaft&nbsp;&nbsp;&nbsp;&nbsp;&nbsp;&nbsp;&nbsp;&nbsp;&nbsp;&nbsp;&nbsp;&nbsp;&nbsp;&nbsp;&nbsp;&nbsp;&nbsp;&nbsp;&nbsp;&nbsp;&nbsp;&nbsp;&nbsp;&nbsp;&nbsp;&nbsp;&nbsp;&nbsp;&nbsp;&nbsp;&nbsp;&nbsp;&nbsp;&nbsp;&nbsp;&nbsp;&nbsp;&nbsp;&nbsp;&nbsp;&nbsp;&nbsp;&nbsp;&nbsp;&nbsp;&nbsp;&nbsp;&nbsp;&nbsp;&nbsp;&nbsp;&nbsp;&nbsp;&nbsp; 2.950,00 \u20ac<\/p>\n\n\n\n<p class=\"has-text-align-left has-medium-font-size\"><strong>Sollte ihr Interesse geweckt sein, k\u00f6nnen sie uns jederzeit gerne kontaktieren. Zumindest macht es Sinn einmal \u00fcber eine Mitgliedschaft nachzudenken. Im schlimmsten und traurigsten Fall kann zumindest ein wenig Unterst\u00fctzung erfolgen.<\/strong><\/p>\n\n\n\n<div data-wp-interactive=\"core\/file\" class=\"wp-block-file\"><object data-wp-bind--hidden=\"!state.hasPdfPreview\" hidden class=\"wp-block-file__embed\" data=\"https:\/\/sterbeverein-dirmingen.de\/wp-content\/wp-content\/uploads\/2023\/12\/Satzung-Sterbeverein-ab-2022-07-22-Genehmigt-Wi-Ministerium-26.09.22.pdf\" type=\"application\/pdf\" style=\"width:100%;height:600px\" aria-label=\"Einbettung von Satzung-Sterbeverein-ab-2022-07-22-Genehmigt-Wi-Ministerium-26.09.22.\"><\/object><a id=\"wp-block-file--media-c057cb85-e0a0-43dd-8ae1-22e32f24fba8\" href=\"https:\/\/sterbeverein-dirmingen.de\/wp-content\/wp-content\/uploads\/2023\/12\/Satzung-Sterbeverein-ab-2022-07-22-Genehmigt-Wi-Ministerium-26.09.22.pdf\">Satzung-Sterbeverein-ab-2022-07-22-Genehmigt-Wi-Ministerium-26.09.22<\/a><a href=\"https:\/\/sterbeverein-dirmingen.de\/wp-content\/wp-content\/uploads\/2023\/12\/Satzung-Sterbeverein-ab-2022-07-22-Genehmigt-Wi-Ministerium-26.09.22.pdf\" class=\"wp-block-file__button wp-element-button\" download aria-describedby=\"wp-block-file--media-c057cb85-e0a0-43dd-8ae1-22e32f24fba8\">Herunterladen<\/a><\/div>\n","protected":false},"excerpt":{"rendered":"<p>T a r i f b e i l a g e zur Satzung des Sterbe- und Unterst\u00fctzungsvereins Dirmingen in der Fassung vom 13.05.2013 Beitrag und Eintrittsgeld&nbsp;(\u00a7 4 der o.g. Satzung) 1.1&nbsp;&nbsp;&nbsp;&nbsp;&nbsp;&nbsp;Der Beitrag betr\u00e4gt monatlich:&nbsp;&nbsp;&nbsp;&nbsp;&nbsp;&nbsp;&nbsp;&nbsp;&nbsp;&nbsp;&nbsp;&nbsp;&nbsp;&nbsp;&nbsp;&nbsp;&nbsp;&nbsp;&nbsp;&nbsp;&nbsp;&nbsp;&nbsp;&nbsp;&nbsp;&nbsp;&nbsp;&nbsp;&nbsp;&nbsp;&nbsp;&nbsp;&nbsp;&nbsp;&nbsp;&nbsp;&nbsp;&nbsp;&nbsp;&nbsp;&nbsp;&nbsp;&nbsp;&nbsp;&nbsp;&nbsp;&nbsp;&nbsp;&nbsp;ab 01.01.22 a) vom vollendeten 2. bis zum vollendeten 16. Lebensjahr&nbsp;&nbsp;&nbsp;&nbsp;&nbsp;&nbsp;&nbsp;&nbsp;&nbsp;&nbsp;&nbsp;&nbsp;&nbsp;&nbsp; 1,50 \u20ac b) ab dem 17. Lebensjahr&nbsp;&nbsp;&nbsp;&nbsp;&nbsp;&nbsp;&nbsp;&nbsp;&nbsp;&nbsp;&nbsp;&nbsp;&nbsp;&nbsp;&nbsp;&nbsp;&nbsp;&nbsp;&nbsp;&nbsp;&nbsp;&nbsp;&nbsp;&nbsp;&nbsp;&nbsp;&nbsp;&nbsp;&nbsp;&nbsp;&nbsp;&nbsp;&nbsp;&nbsp;&nbsp;&nbsp;&nbsp;&nbsp;&nbsp;&nbsp;&nbsp;&nbsp;&nbsp;&nbsp;&nbsp;&nbsp;&nbsp;&nbsp;&nbsp;&nbsp;&nbsp;&nbsp;&nbsp;&nbsp;&nbsp;&nbsp;&nbsp;&nbsp;&nbsp;&nbsp;&nbsp;&nbsp;&nbsp;&nbsp;&nbsp;&nbsp;&nbsp;&nbsp;&nbsp;&nbsp;&nbsp; 3,00 \u20ac 1.2. [&hellip;]<\/p>\n","protected":false},"author":3,"featured_media":0,"parent":0,"menu_order":20,"comment_status":"closed","ping_status":"closed","template":"","meta":{"ocean_post_layout":"full-screen","ocean_both_sidebars_style":"","ocean_both_sidebars_content_width":0,"ocean_both_sidebars_sidebars_width":0,"ocean_sidebar":"0","ocean_second_sidebar":"0","ocean_disable_margins":"enable","ocean_add_body_class":"","ocean_shortcode_before_top_bar":"","ocean_shortcode_after_top_bar":"","ocean_shortcode_before_header":"","ocean_shortcode_after_header":"","ocean_has_shortcode":"","ocean_shortcode_after_title":"","ocean_shortcode_before_footer_widgets":"","ocean_shortcode_after_footer_widgets":"","ocean_shortcode_before_footer_bottom":"","ocean_shortcode_after_footer_bottom":"","ocean_display_top_bar":"default","ocean_display_header":"default","ocean_header_style":"","ocean_center_header_left_menu":"0","ocean_custom_header_template":"0","ocean_custom_logo":0,"ocean_custom_retina_logo":0,"ocean_custom_logo_max_width":0,"ocean_custom_logo_tablet_max_width":0,"ocean_custom_logo_mobile_max_width":0,"ocean_custom_logo_max_height":0,"ocean_custom_logo_tablet_max_height":0,"ocean_custom_logo_mobile_max_height":0,"ocean_header_custom_menu":"0","ocean_menu_typo_font_family":"0","ocean_menu_typo_font_subset":"","ocean_menu_typo_font_size":0,"ocean_menu_typo_font_size_tablet":0,"ocean_menu_typo_font_size_mobile":0,"ocean_menu_typo_font_size_unit":"px","ocean_menu_typo_font_weight":"","ocean_menu_typo_font_weight_tablet":"","ocean_menu_typo_font_weight_mobile":"","ocean_menu_typo_transform":"","ocean_menu_typo_transform_tablet":"","ocean_menu_typo_transform_mobile":"","ocean_menu_typo_line_height":0,"ocean_menu_typo_line_height_tablet":0,"ocean_menu_typo_line_height_mobile":0,"ocean_menu_typo_line_height_unit":"","ocean_menu_typo_spacing":0,"ocean_menu_typo_spacing_tablet":0,"ocean_menu_typo_spacing_mobile":0,"ocean_menu_typo_spacing_unit":"","ocean_menu_link_color":"","ocean_menu_link_color_hover":"","ocean_menu_link_color_active":"","ocean_menu_link_background":"","ocean_menu_link_hover_background":"","ocean_menu_link_active_background":"","ocean_menu_social_links_bg":"","ocean_menu_social_hover_links_bg":"","ocean_menu_social_links_color":"","ocean_menu_social_hover_links_color":"","ocean_disable_title":"default","ocean_disable_heading":"default","ocean_post_title":"","ocean_post_subheading":"","ocean_post_title_style":"","ocean_post_title_background_color":"","ocean_post_title_background":0,"ocean_post_title_bg_image_position":"","ocean_post_title_bg_image_attachment":"","ocean_post_title_bg_image_repeat":"","ocean_post_title_bg_image_size":"","ocean_post_title_height":0,"ocean_post_title_bg_overlay":0.5,"ocean_post_title_bg_overlay_color":"","ocean_disable_breadcrumbs":"off","ocean_breadcrumbs_color":"","ocean_breadcrumbs_separator_color":"","ocean_breadcrumbs_links_color":"","ocean_breadcrumbs_links_hover_color":"","ocean_display_footer_widgets":"default","ocean_display_footer_bottom":"off","ocean_custom_footer_template":"0","footnotes":""},"class_list":["post-19","page","type-page","status-publish","hentry","entry"],"_links":{"self":[{"href":"https:\/\/sterbeverein-dirmingen.de\/index.php?rest_route=\/wp\/v2\/pages\/19","targetHints":{"allow":["GET"]}}],"collection":[{"href":"https:\/\/sterbeverein-dirmingen.de\/index.php?rest_route=\/wp\/v2\/pages"}],"about":[{"href":"https:\/\/sterbeverein-dirmingen.de\/index.php?rest_route=\/wp\/v2\/types\/page"}],"author":[{"embeddable":true,"href":"https:\/\/sterbeverein-dirmingen.de\/index.php?rest_route=\/wp\/v2\/users\/3"}],"replies":[{"embeddable":true,"href":"https:\/\/sterbeverein-dirmingen.de\/index.php?rest_route=%2Fwp%2Fv2%2Fcomments&post=19"}],"version-history":[{"count":24,"href":"https:\/\/sterbeverein-dirmingen.de\/index.php?rest_route=\/wp\/v2\/pages\/19\/revisions"}],"predecessor-version":[{"id":186,"href":"https:\/\/sterbeverein-dirmingen.de\/index.php?rest_route=\/wp\/v2\/pages\/19\/revisions\/186"}],"wp:attachment":[{"href":"https:\/\/sterbeverein-dirmingen.de\/index.php?rest_route=%2Fwp%2Fv2%2Fmedia&parent=19"}],"curies":[{"name":"wp","href":"https:\/\/api.w.org\/{rel}","templated":true}]}}