{"id":17,"date":"2023-12-28T15:08:01","date_gmt":"2023-12-28T14:08:01","guid":{"rendered":"https:\/\/sterbeverein-dirmingen.de\/wp-content\/?page_id=17"},"modified":"2024-10-07T12:07:44","modified_gmt":"2024-10-07T10:07:44","slug":"sterbeverein","status":"publish","type":"page","link":"https:\/\/sterbeverein-dirmingen.de\/","title":{"rendered":"Sterbe-und Unterst\u00fctzungsverein Dirmingen e.V"},"content":{"rendered":"\n<div class=\"wp-block-group alignfull\"><div class=\"wp-block-group__inner-container is-layout-constrained wp-block-group-is-layout-constrained\">\n<div class=\"wp-block-cover alignfull is-light\" style=\"margin-top:0;min-height:40vw;aspect-ratio:unset;\"><span aria-hidden=\"true\" class=\"wp-block-cover__background has-black-background-color has-background-dim-0 has-background-dim\"><\/span><img fetchpriority=\"high\" decoding=\"async\" width=\"1800\" height=\"832\" class=\"wp-block-cover__image-background wp-image-132\" alt=\"\" src=\"https:\/\/sterbeverein-dirmingen.de\/wp-content\/wp-content\/uploads\/2023\/12\/Friedhof-2.jpg\" data-object-fit=\"cover\" srcset=\"https:\/\/sterbeverein-dirmingen.de\/wp-content\/uploads\/2023\/12\/Friedhof-2.jpg 1800w, https:\/\/sterbeverein-dirmingen.de\/wp-content\/uploads\/2023\/12\/Friedhof-2-300x139.jpg 300w, https:\/\/sterbeverein-dirmingen.de\/wp-content\/uploads\/2023\/12\/Friedhof-2-1024x473.jpg 1024w, https:\/\/sterbeverein-dirmingen.de\/wp-content\/uploads\/2023\/12\/Friedhof-2-768x355.jpg 768w, https:\/\/sterbeverein-dirmingen.de\/wp-content\/uploads\/2023\/12\/Friedhof-2-1536x710.jpg 1536w\" sizes=\"(max-width: 1800px) 100vw, 1800px\" \/><div class=\"wp-block-cover__inner-container is-layout-flow wp-block-cover-is-layout-flow\">\n<div style=\"height:50px\" aria-hidden=\"true\" class=\"wp-block-spacer\"><\/div>\n<\/div><\/div>\n<\/div><\/div>\n\n\n\n<p class=\"has-black-color has-cyan-bluish-gray-background-color has-text-color has-background has-link-color has-large-font-size wp-elements-0f637aef508809f3eac0d83454e417ea\">Unser Sterbe-und Unterst\u00fctzerverein Dirmingen<\/p>\n\n\n\n<p class=\"has-medium-font-size\"><strong>Der Sterbe- und Unterst\u00fctzungsverein Dirmingen wurde bereits im Jahre 1948 gegr\u00fcndet. Dabei handelt es sich um einen Versicherungsverein im Sinne von \u00a7 53 des Versicherungsaufsicht Gesetzes. Im Todesfall gew\u00e4hrt der Verein seinen Mitgliedern ein Sterbegeld von derzeit 1.475, \u2013 Euro. Das Ziel des Vereins ist es, den Mitgliedern beim Tod einen Anteil zu den Beerdigungskosten auszuzahlen. Das Ganze bei einem geringen monatlichen Beitrag. Bei den heutigen Kosten einer Beerdigung d\u00fcrfte dies f\u00fcr viele Menschen sicherlich ein interessanter Anreiz sein. Der Verein unterliegt der Aufsicht des Ministeriums f\u00fcr Wirtschaft, Energie, Arbeit und Verkehr in Saarbr\u00fccken. Sein Gesch\u00e4ftsgebiet begrenzt sich \u00fcberwiegend auf die Gemeinde Eppelborn und die angrenzenden Ortschaften Dirmingens. In die Kasse k\u00f6nnen Personen aufgenommen werden, die das 2. Lebensjahr vollendet und das 45. Lebensjahr noch nicht \u00fcberschritten haben. F\u00fcr Personen, die das 2. Lebensjahr vollendet und das 40. Lebensjahr noch nicht \u00fcberschritten haben, besteht die M\u00f6glichkeit der Doppelversicherung.<\/strong><\/p>\n\n\n\n<p class=\"has-medium-font-size\">Seit August dieses Jahres 2021 ist Ortsvorsteher Frank Klein Vorsitzender des Vereins. Mit dieser Neuwahl hat sich der Verein neu aufgestellt. Im Zuge der ersten Arbeitsjahre wurde die Satzung \u00fcberarbeitet und die Mitgliedsbeitr\u00e4ge angepasst. Dabei ist eine Mitgliedschaft in dem Verein durchaus sinnvoll. Leider mussten wir zuletzt feststellen, dass immer weniger junge Menschen Interesse an unserem Verein haben. Darum m\u00f6chten wir an dieser Stelle um Aufmerksamkeit werben. Es lohnt sich die Zeit zu investieren und sich einmal diesen Verein genauer anzusehen. Wie am Beispiel bei der Pflege zu sehen, lohnt es sich f\u00fcr sein pers\u00f6nliches Ableben Vorsorge zu tragen. Eine Mitgliedschaft ist schriftlich einzureichen. Das Mitgliedschaft- und Versicherungsverh\u00e4ltnis beginnt mit dem im Mitgliedsausweis angegebenen Tag, jedoch nicht vor Zahlung des Eintrittsgeldes und des ersten Monatsbeitrages. Die H\u00f6he des Eintrittsgeldes und der Beitr\u00e4ge ergibt sich aus der Beitrags- und Leistungstabelle, die in der Satzung des Sterbe- und Unterst\u00fctzungsvereins Dirmingen zu finden ist. Der Schwerpunkt unserer Vorstandsarbeit liegt darin neue Mitglieder zu werben, die irgendwann auch mal Verantwortung im Vorstand \u00fcbernehmen m\u00f6chten. Ein Ehrenamt in diesem Verein k\u00f6nnte erf\u00fcllend sein. Die Arbeit mit und f\u00fcr Menschen kann das eigene Selbstwertgef\u00fchl befriedigen. Unser Verein hat mit seinen \u00fcber 1000 Mitglieder einen hohen Stellenwert. Der Verein ben\u00f6tigt dringend frisches Blut. Die Altersstruktur ist in den letzten Jahren zusehend gewachsen.<\/p>\n\n\n\n<p class=\"has-medium-font-size\"><strong>Unser Verein ist verpflichtet, alle 5 Jahre ein versicherungsmathematisches Gutachten erstellen zu lassen. Dieses muss der Aufsichtsbeh\u00f6rde vorgelegt werden. In diesem Gutachten wird festgehalten, ob die derzeitige Beitragserhebung angepasst werden muss. Urs\u00e4chlich f\u00fcr die Beitragsanpassung sind unter anderem sinkende Zinsertr\u00e4ge, die Senkung des Rechnungszinses (= Zins, der unter anderem f\u00fcr die Anlage des Verm\u00f6gens des Vereins bis zum Tode des letzten Mitglieds unterstellt wird). Einfacher ausgedr\u00fcckt: Der Verein ben\u00f6tigt mehr Geld, um bei unver\u00e4ndertem Beitrag das festgelegte Sterbegeld dauerhaft auszahlen zu k\u00f6nnen.<\/strong><\/p>\n\n\n\n<p class=\"has-medium-font-size\">Vereine, deren letzte Begutachtung weit zur\u00fcckliegt, Vereine, die regelm\u00e4\u00dfig das Sterbegeld erh\u00f6ht haben und solche, die viele junge Mitglieder in ihrem Bestand haben, sind hiervon besonders betroffen. Zu dieser Kategorie geh\u00f6rt auch unser Verein. Wir sind unbedingt darauf angewiesen, neue Mitglieder aufzunehmen. Nur so k\u00f6nnen die wirtschaftliche Leistungsf\u00e4higkeit und Stabilit\u00e4t f\u00fcr die Zukunft sicher gestellt. Sollten Sie Interesse an einer Mitgliedschaft oder einer Mitarbeit in unserem Verein haben, sollten Sie sich unbedingt bei uns melden.<\/p>\n\n\n\n<p class=\"has-medium-font-size\">Vorstand<\/p>\n\n\n\n<p class=\"has-medium-font-size\">Sterbeverein Dirmingen<\/p>\n\n\n<nav class=\"is-responsive wp-block-navigation is-layout-flex wp-block-navigation-is-layout-flex\" aria-label=\"Navigation\" \n\t\t data-wp-interactive=\"core\/navigation\" data-wp-context='{\"overlayOpenedBy\":{\"click\":false,\"hover\":false,\"focus\":false},\"type\":\"overlay\",\"roleAttribute\":\"\",\"ariaLabel\":\"Men\\u00fc\"}'><button aria-haspopup=\"dialog\" aria-label=\"Men\u00fc \u00f6ffnen\" class=\"wp-block-navigation__responsive-container-open\" \n\t\t\t\tdata-wp-on--click=\"actions.openMenuOnClick\"\n\t\t\t\tdata-wp-on--keydown=\"actions.handleMenuKeydown\"\n\t\t\t><svg width=\"24\" height=\"24\" xmlns=\"http:\/\/www.w3.org\/2000\/svg\" viewBox=\"0 0 24 24\" aria-hidden=\"true\" focusable=\"false\"><path d=\"M4 7.5h16v1.5H4z\"><\/path><path d=\"M4 15h16v1.5H4z\"><\/path><\/svg><\/button>\n\t\t\t\t<div class=\"wp-block-navigation__responsive-container\"  id=\"modal-1\" \n\t\t\t\tdata-wp-class--has-modal-open=\"state.isMenuOpen\"\n\t\t\t\tdata-wp-class--is-menu-open=\"state.isMenuOpen\"\n\t\t\t\tdata-wp-watch=\"callbacks.initMenu\"\n\t\t\t\tdata-wp-on--keydown=\"actions.handleMenuKeydown\"\n\t\t\t\tdata-wp-on--focusout=\"actions.handleMenuFocusout\"\n\t\t\t\ttabindex=\"-1\"\n\t\t\t>\n\t\t\t\t\t<div class=\"wp-block-navigation__responsive-close\" tabindex=\"-1\">\n\t\t\t\t\t\t<div class=\"wp-block-navigation__responsive-dialog\" \n\t\t\t\tdata-wp-bind--aria-modal=\"state.ariaModal\"\n\t\t\t\tdata-wp-bind--aria-label=\"state.ariaLabel\"\n\t\t\t\tdata-wp-bind--role=\"state.roleAttribute\"\n\t\t\t>\n\t\t\t\t\t\t\t<button aria-label=\"Men\u00fc schlie\u00dfen\" class=\"wp-block-navigation__responsive-container-close\" \n\t\t\t\tdata-wp-on--click=\"actions.closeMenuOnClick\"\n\t\t\t><svg xmlns=\"http:\/\/www.w3.org\/2000\/svg\" viewBox=\"0 0 24 24\" width=\"24\" height=\"24\" aria-hidden=\"true\" focusable=\"false\"><path d=\"m13.06 12 6.47-6.47-1.06-1.06L12 10.94 5.53 4.47 4.47 5.53 10.94 12l-6.47 6.47 1.06 1.06L12 13.06l6.47 6.47 1.06-1.06L13.06 12Z\"><\/path><\/svg><\/button>\n\t\t\t\t\t\t\t<div class=\"wp-block-navigation__responsive-container-content\" \n\t\t\t\tdata-wp-watch=\"callbacks.focusFirstElement\"\n\t\t\t id=\"modal-1-content\">\n\t\t\t\t\t\t\t\t<ul class=\"wp-block-navigation__container is-responsive wp-block-navigation\"><li class=\" wp-block-navigation-item  menu-item menu-item-type-post_type menu-item-object-page wp-block-navigation-link\"><a class=\"wp-block-navigation-item__content\"  href=\"https:\/\/sterbeverein-dirmingen.de\/wp-content\/satzung\/\" title=\"\"><span class=\"wp-block-navigation-item__label\">Satzung und Geb\u00fchrenordnung<\/span><\/a><\/li><li class=\" wp-block-navigation-item  menu-item menu-item-type-post_type menu-item-object-page wp-block-navigation-link\"><a class=\"wp-block-navigation-item__content\"  href=\"https:\/\/sterbeverein-dirmingen.de\/wp-content\/vorstand\/\" title=\"\"><span class=\"wp-block-navigation-item__label\">Vorstand<\/span><\/a><\/li><li class=\" wp-block-navigation-item  menu-item menu-item-type-post_type menu-item-object-page wp-block-navigation-link\"><a class=\"wp-block-navigation-item__content\"  href=\"https:\/\/sterbeverein-dirmingen.de\/wp-content\/impressum\/\" title=\"\"><span class=\"wp-block-navigation-item__label\">Impressum<\/span><\/a><\/li><\/ul>\n\t\t\t\t\t\t\t<\/div>\n\t\t\t\t\t\t<\/div>\n\t\t\t\t\t<\/div>\n\t\t\t\t<\/div><\/nav>\n\n\n<p><\/p>\n","protected":false},"excerpt":{"rendered":"<p>Unser Sterbe-und Unterst\u00fctzerverein Dirmingen Der Sterbe- und Unterst\u00fctzungsverein Dirmingen wurde bereits im Jahre 1948 gegr\u00fcndet. Dabei handelt es sich um einen Versicherungsverein im Sinne von \u00a7 53 des Versicherungsaufsicht Gesetzes. Im Todesfall gew\u00e4hrt der Verein seinen Mitgliedern ein Sterbegeld von derzeit 1.475, \u2013 Euro. Das Ziel des Vereins ist es, den Mitgliedern beim Tod einen [&hellip;]<\/p>\n","protected":false},"author":3,"featured_media":0,"parent":0,"menu_order":10,"comment_status":"closed","ping_status":"closed","template":"","meta":{"ocean_post_layout":"full-width","ocean_both_sidebars_style":"","ocean_both_sidebars_content_width":0,"ocean_both_sidebars_sidebars_width":0,"ocean_sidebar":"0","ocean_second_sidebar":"0","ocean_disable_margins":"enable","ocean_add_body_class":"","ocean_shortcode_before_top_bar":"","ocean_shortcode_after_top_bar":"","ocean_shortcode_before_header":"","ocean_shortcode_after_header":"","ocean_has_shortcode":"","ocean_shortcode_after_title":"","ocean_shortcode_before_footer_widgets":"","ocean_shortcode_after_footer_widgets":"","ocean_shortcode_before_footer_bottom":"","ocean_shortcode_after_footer_bottom":"","ocean_display_top_bar":"default","ocean_display_header":"default","ocean_header_style":"","ocean_center_header_left_menu":"0","ocean_custom_header_template":"0","ocean_custom_logo":0,"ocean_custom_retina_logo":0,"ocean_custom_logo_max_width":0,"ocean_custom_logo_tablet_max_width":0,"ocean_custom_logo_mobile_max_width":0,"ocean_custom_logo_max_height":0,"ocean_custom_logo_tablet_max_height":0,"ocean_custom_logo_mobile_max_height":0,"ocean_header_custom_menu":"4","ocean_menu_typo_font_family":"0","ocean_menu_typo_font_subset":"","ocean_menu_typo_font_size":0,"ocean_menu_typo_font_size_tablet":0,"ocean_menu_typo_font_size_mobile":0,"ocean_menu_typo_font_size_unit":"px","ocean_menu_typo_font_weight":"","ocean_menu_typo_font_weight_tablet":"","ocean_menu_typo_font_weight_mobile":"","ocean_menu_typo_transform":"","ocean_menu_typo_transform_tablet":"","ocean_menu_typo_transform_mobile":"","ocean_menu_typo_line_height":0,"ocean_menu_typo_line_height_tablet":0,"ocean_menu_typo_line_height_mobile":0,"ocean_menu_typo_line_height_unit":"","ocean_menu_typo_spacing":0,"ocean_menu_typo_spacing_tablet":0,"ocean_menu_typo_spacing_mobile":0,"ocean_menu_typo_spacing_unit":"","ocean_menu_link_color":"","ocean_menu_link_color_hover":"","ocean_menu_link_color_active":"","ocean_menu_link_background":"","ocean_menu_link_hover_background":"","ocean_menu_link_active_background":"","ocean_menu_social_links_bg":"","ocean_menu_social_hover_links_bg":"","ocean_menu_social_links_color":"","ocean_menu_social_hover_links_color":"","ocean_disable_title":"default","ocean_disable_heading":"default","ocean_post_title":"","ocean_post_subheading":"","ocean_post_title_style":"","ocean_post_title_background_color":"","ocean_post_title_background":0,"ocean_post_title_bg_image_position":"","ocean_post_title_bg_image_attachment":"","ocean_post_title_bg_image_repeat":"","ocean_post_title_bg_image_size":"","ocean_post_title_height":0,"ocean_post_title_bg_overlay":0.5,"ocean_post_title_bg_overlay_color":"","ocean_disable_breadcrumbs":"default","ocean_breadcrumbs_color":"","ocean_breadcrumbs_separator_color":"","ocean_breadcrumbs_links_color":"","ocean_breadcrumbs_links_hover_color":"","ocean_display_footer_widgets":"default","ocean_display_footer_bottom":"off","ocean_custom_footer_template":"0","footnotes":""},"class_list":["post-17","page","type-page","status-publish","hentry","entry"],"_links":{"self":[{"href":"https:\/\/sterbeverein-dirmingen.de\/index.php?rest_route=\/wp\/v2\/pages\/17","targetHints":{"allow":["GET"]}}],"collection":[{"href":"https:\/\/sterbeverein-dirmingen.de\/index.php?rest_route=\/wp\/v2\/pages"}],"about":[{"href":"https:\/\/sterbeverein-dirmingen.de\/index.php?rest_route=\/wp\/v2\/types\/page"}],"author":[{"embeddable":true,"href":"https:\/\/sterbeverein-dirmingen.de\/index.php?rest_route=\/wp\/v2\/users\/3"}],"replies":[{"embeddable":true,"href":"https:\/\/sterbeverein-dirmingen.de\/index.php?rest_route=%2Fwp%2Fv2%2Fcomments&post=17"}],"version-history":[{"count":26,"href":"https:\/\/sterbeverein-dirmingen.de\/index.php?rest_route=\/wp\/v2\/pages\/17\/revisions"}],"predecessor-version":[{"id":191,"href":"https:\/\/sterbeverein-dirmingen.de\/index.php?rest_route=\/wp\/v2\/pages\/17\/revisions\/191"}],"wp:attachment":[{"href":"https:\/\/sterbeverein-dirmingen.de\/index.php?rest_route=%2Fwp%2Fv2%2Fmedia&parent=17"}],"curies":[{"name":"wp","href":"https:\/\/api.w.org\/{rel}","templated":true}]}}